{"id":121,"date":"2024-04-08T18:38:49","date_gmt":"2024-04-08T18:38:49","guid":{"rendered":"https:\/\/alumni.niemoellerschule.digital\/?page_id=121"},"modified":"2024-04-09T15:11:35","modified_gmt":"2024-04-09T15:11:35","slug":"alumni-anmeldung","status":"publish","type":"page","link":"https:\/\/alumni.niemoellerschule.digital\/index.php\/alumni-anmeldung\/","title":{"rendered":"Alumni-Anmeldung"},"content":{"rendered":"\n<p>Erstelle dein eigenes Profil und treffe digital ehemaligen Sch\u00fclerinnen und Sch\u00fcler, Lehrerinnen und Lehrer der Martin-Niem\u00f6ller-Schule (ehemals Oberstufengymnasium am Moltkering).<\/p>\n\n\n\n<p>Und so geht es:<\/p>\n\n\n\n<ol class=\"wp-block-list\">\n<li>Erstelle dir ein eigenes Benutzerkonto. Gehe auf &#8222;Registrieren&#8220; (oben links) und f\u00fclle die erforderlichen Eingabefelder aus.<\/li>\n\n\n\n<li>Nach der erfolgreichen Registrierung kannst du dich nun mit deinem Benutzernamen und deinem Passwort anmelden und dein Profil bearbeiten (oben rechts).<\/li>\n<\/ol>\n","protected":false},"excerpt":{"rendered":"<p>Erstelle dein eigenes Profil und treffe digital ehemaligen Sch\u00fclerinnen und Sch\u00fcler, Lehrerinnen und Lehrer der Martin-Niem\u00f6ller-Schule (ehemals Oberstufengymnasium am Moltkering). Und so geht es:<\/p>\n","protected":false},"author":3,"featured_media":0,"parent":0,"menu_order":1,"comment_status":"closed","ping_status":"closed","template":"","meta":{"footnotes":""},"class_list":["post-121","page","type-page","status-publish","hentry"],"_links":{"self":[{"href":"https:\/\/alumni.niemoellerschule.digital\/index.php\/wp-json\/wp\/v2\/pages\/121","targetHints":{"allow":["GET"]}}],"collection":[{"href":"https:\/\/alumni.niemoellerschule.digital\/index.php\/wp-json\/wp\/v2\/pages"}],"about":[{"href":"https:\/\/alumni.niemoellerschule.digital\/index.php\/wp-json\/wp\/v2\/types\/page"}],"author":[{"embeddable":true,"href":"https:\/\/alumni.niemoellerschule.digital\/index.php\/wp-json\/wp\/v2\/users\/3"}],"replies":[{"embeddable":true,"href":"https:\/\/alumni.niemoellerschule.digital\/index.php\/wp-json\/wp\/v2\/comments?post=121"}],"version-history":[{"count":3,"href":"https:\/\/alumni.niemoellerschule.digital\/index.php\/wp-json\/wp\/v2\/pages\/121\/revisions"}],"predecessor-version":[{"id":127,"href":"https:\/\/alumni.niemoellerschule.digital\/index.php\/wp-json\/wp\/v2\/pages\/121\/revisions\/127"}],"wp:attachment":[{"href":"https:\/\/alumni.niemoellerschule.digital\/index.php\/wp-json\/wp\/v2\/media?parent=121"}],"curies":[{"name":"wp","href":"https:\/\/api.w.org\/{rel}","templated":true}]}}